{"id":113,"date":"2015-11-28T13:45:09","date_gmt":"2015-11-28T13:45:09","guid":{"rendered":"http:\/\/elektro-abz.de\/?page_id=113"},"modified":"2015-12-19T13:15:08","modified_gmt":"2015-12-19T13:15:08","slug":"eibknx","status":"publish","type":"page","link":"https:\/\/elektro-abz.de\/?page_id=113","title":{"rendered":"EIB\/KNX"},"content":{"rendered":"<p style=\"text-align: right;\"><a href=\"https:\/\/elektro-abz.de\/wp-content\/uploads\/2015\/11\/knx_logo.jpg\"><img loading=\"lazy\" decoding=\"async\" class=\"alignnone size-full wp-image-121\" src=\"https:\/\/elektro-abz.de\/wp-content\/uploads\/2015\/11\/knx_logo.jpg\" alt=\"knx_logo\" width=\"88\" height=\"56\" \/><\/a><\/p>\n<p>EIB\/KNX ist der zuverl\u00e4ssige W\u00e4rter f\u00fcr Ihr Zuhause &#8211; zu jeder Tages- und Nachtzeit und das ganze Jahr \u00fcber.\u00a0Durch mobile Datenverbindung k\u00f6nnen Sie\u00a0KNX von beliebigen Pl\u00e4tzen und Orten steuern.\u00a0Er \u00fcberwacht Fenster und T\u00fcren, schreckt ungebetene G\u00e4ste ab und kann im Notfall sofort telefonische Hilfe rufen. Und er sch\u00fctzt vor Gefahren, die durch Brand, Wasser oder unsachgem\u00e4\u00dfen Umgang mit Strom entstehen k\u00f6nnen.<\/p>\n<p>Mit EIB\/KNX k\u00f6nnen Sie bares Geld sparen. Allein \u00fcber die Einzelraumregelung in Verbindung mit der Fenster\u00fcberwachung und automatischer Rollladensteuerung l\u00e4\u00dft sich eine ganze Menge Heizenergie einsparen.<\/p>\n<p>Mit einer zukunftssicheren Elektroinstallation auf Basis EIB\/KNX sind Sie auf die Anforderungen von heute und morgen vorbereitet, und Ihre Investition ist auf lange Sicht wirtschaftlich.<\/p>\n<p>Und? &#8211; sind das nicht auch f\u00fcr Sie interessante Aspekte?!<\/p>\n<p>Lassen Sie sich unverbindlich von uns beraten..<\/p>\n","protected":false},"excerpt":{"rendered":"<p>EIB\/KNX ist der zuverl\u00e4ssige W\u00e4rter f\u00fcr Ihr Zuhause &#8211; zu jeder Tages- und Nachtzeit und das ganze Jahr \u00fcber.\u00a0Durch mobile Datenverbindung k\u00f6nnen Sie\u00a0KNX von beliebigen Pl\u00e4tzen und Orten steuern.\u00a0Er \u00fcberwacht Fenster und T\u00fcren, schreckt ungebetene G\u00e4ste ab und kann im Notfall sofort telefonische Hilfe rufen. Und er sch\u00fctzt vor Gefahren, die durch Brand, Wasser oder [&hellip;]<\/p>\n","protected":false},"author":1,"featured_media":0,"parent":0,"menu_order":0,"comment_status":"closed","ping_status":"closed","template":"","meta":{"footnotes":""},"_links":{"self":[{"href":"https:\/\/elektro-abz.de\/index.php?rest_route=\/wp\/v2\/pages\/113"}],"collection":[{"href":"https:\/\/elektro-abz.de\/index.php?rest_route=\/wp\/v2\/pages"}],"about":[{"href":"https:\/\/elektro-abz.de\/index.php?rest_route=\/wp\/v2\/types\/page"}],"author":[{"embeddable":true,"href":"https:\/\/elektro-abz.de\/index.php?rest_route=\/wp\/v2\/users\/1"}],"replies":[{"embeddable":true,"href":"https:\/\/elektro-abz.de\/index.php?rest_route=%2Fwp%2Fv2%2Fcomments&post=113"}],"version-history":[{"count":3,"href":"https:\/\/elektro-abz.de\/index.php?rest_route=\/wp\/v2\/pages\/113\/revisions"}],"predecessor-version":[{"id":257,"href":"https:\/\/elektro-abz.de\/index.php?rest_route=\/wp\/v2\/pages\/113\/revisions\/257"}],"wp:attachment":[{"href":"https:\/\/elektro-abz.de\/index.php?rest_route=%2Fwp%2Fv2%2Fmedia&parent=113"}],"curies":[{"name":"wp","href":"https:\/\/api.w.org\/{rel}","templated":true}]}}