{"id":73,"date":"2015-11-28T13:02:30","date_gmt":"2015-11-28T13:02:30","guid":{"rendered":"http:\/\/elektro-abz.de\/?page_id=73"},"modified":"2021-12-09T18:03:36","modified_gmt":"2021-12-09T17:03:36","slug":"stellenangebote","status":"publish","type":"page","link":"https:\/\/elektro-abz.de\/?page_id=73","title":{"rendered":"Stellenangebote"},"content":{"rendered":"<h1>Aktuelle Azubi Stellenangebote<\/h1>\n<p><span class=\"fbPhotosPhotoCaption\" tabindex=\"0\" data-ft=\"{&quot;tn&quot;:&quot;K&quot;}\"><span class=\"hasCaption\">Meldet Euch bei uns!! Mail <span class=\"minor\">azubi[at]elektro-abz.de<\/span> oder Telefon:+49(0)6532 951320<br \/>\n<\/span><\/span><\/p>\n<p><a href=\"https:\/\/elektro-abz.de\/wp-content\/uploads\/2015\/11\/10649779_781883948543260_3849367511794691706_n.jpg\"><img loading=\"lazy\" decoding=\"async\" class=\"alignnone wp-image-177\" src=\"https:\/\/elektro-abz.de\/wp-content\/uploads\/2015\/11\/10649779_781883948543260_3849367511794691706_n-300x225.jpg\" alt=\"Wir suchen Azubis\" width=\"531\" height=\"398\" srcset=\"https:\/\/elektro-abz.de\/wp-content\/uploads\/2015\/11\/10649779_781883948543260_3849367511794691706_n-300x225.jpg 300w, https:\/\/elektro-abz.de\/wp-content\/uploads\/2015\/11\/10649779_781883948543260_3849367511794691706_n-668x501.jpg 668w, https:\/\/elektro-abz.de\/wp-content\/uploads\/2015\/11\/10649779_781883948543260_3849367511794691706_n.jpg 960w\" sizes=\"(max-width: 531px) 100vw, 531px\" \/><\/a><\/p>\n<h1>Aktuelle Gesellen &#8211; Stellenangebote<\/h1>\n<p>Wir freuen uns, dass Sie sich bei uns bewerben m\u00f6chten!<\/p>\n<p>Leider haben wir derzeit jedoch keine offenen Stellen zu besetzen. Wenn Sie m\u00f6chten, k\u00f6nnen Sie gerne eine Initiativbewerbung einreichen.<\/p>\n<h2>Initiativbewerbung<\/h2>\n<p>Wir freuen uns \u00fcber jede Initiativbewerbung.<\/p>\n<ul>\n<li>Bitte schicken Sie Ihre <u>Initiativbewerbung ausschlie\u00dflich per E-Mail<\/u> an job<span class=\"fbPhotosPhotoCaption\" tabindex=\"0\" data-ft=\"{&quot;tn&quot;:&quot;K&quot;}\"><span class=\"hasCaption\"><span class=\"minor\">[at]<\/span><\/span><\/span>elektro-abz.de<\/li>\n<\/ul>\n","protected":false},"excerpt":{"rendered":"<p>Aktuelle Azubi Stellenangebote Meldet Euch bei uns!! Mail azubi[at]elektro-abz.de oder Telefon:+49(0)6532 951320 Aktuelle Gesellen &#8211; Stellenangebote Wir freuen uns, dass Sie sich bei uns bewerben m\u00f6chten! Leider haben wir derzeit jedoch keine offenen Stellen zu besetzen. Wenn Sie m\u00f6chten, k\u00f6nnen Sie gerne eine Initiativbewerbung einreichen. Initiativbewerbung Wir freuen uns \u00fcber jede Initiativbewerbung. Bitte schicken Sie [&hellip;]<\/p>\n","protected":false},"author":1,"featured_media":0,"parent":0,"menu_order":0,"comment_status":"closed","ping_status":"closed","template":"","meta":{"footnotes":""},"_links":{"self":[{"href":"https:\/\/elektro-abz.de\/index.php?rest_route=\/wp\/v2\/pages\/73"}],"collection":[{"href":"https:\/\/elektro-abz.de\/index.php?rest_route=\/wp\/v2\/pages"}],"about":[{"href":"https:\/\/elektro-abz.de\/index.php?rest_route=\/wp\/v2\/types\/page"}],"author":[{"embeddable":true,"href":"https:\/\/elektro-abz.de\/index.php?rest_route=\/wp\/v2\/users\/1"}],"replies":[{"embeddable":true,"href":"https:\/\/elektro-abz.de\/index.php?rest_route=%2Fwp%2Fv2%2Fcomments&post=73"}],"version-history":[{"count":7,"href":"https:\/\/elektro-abz.de\/index.php?rest_route=\/wp\/v2\/pages\/73\/revisions"}],"predecessor-version":[{"id":352,"href":"https:\/\/elektro-abz.de\/index.php?rest_route=\/wp\/v2\/pages\/73\/revisions\/352"}],"wp:attachment":[{"href":"https:\/\/elektro-abz.de\/index.php?rest_route=%2Fwp%2Fv2%2Fmedia&parent=73"}],"curies":[{"name":"wp","href":"https:\/\/api.w.org\/{rel}","templated":true}]}}