{"id":75,"date":"2015-11-28T13:03:15","date_gmt":"2015-11-28T13:03:15","guid":{"rendered":"http:\/\/elektro-abz.de\/?page_id=75"},"modified":"2021-05-25T19:35:54","modified_gmt":"2021-05-25T18:35:54","slug":"downloads","status":"publish","type":"page","link":"https:\/\/elektro-abz.de\/?page_id=75","title":{"rendered":"NEWS"},"content":{"rendered":"<div id=\"id_567a975f71c278b27850018\" class=\"text_exposed_root text_exposed\">\n<h2 style=\"text-align: center;\"><\/h2>\n<h2 style=\"text-align: center;\"><strong><em><span style=\"color: #333399;\">Wir gratulieren unser Tochter Lena zur erfolgreich bestandenen\u00a0Pr\u00fcfung als Veranstaltungskauffrau und danken der Firma Pro Musik Trier f\u00fcr die super gelungene Ausbildung!!<\/span><\/em><\/strong><img loading=\"lazy\" decoding=\"async\" class=\"size-medium wp-image-281 aligncenter\" src=\"https:\/\/elektro-abz.de\/wp-content\/uploads\/2015\/11\/lena2-205x300.jpg\" alt=\"lena2\" width=\"205\" height=\"300\" srcset=\"https:\/\/elektro-abz.de\/wp-content\/uploads\/2015\/11\/lena2-205x300.jpg 205w, https:\/\/elektro-abz.de\/wp-content\/uploads\/2015\/11\/lena2.jpg 384w\" sizes=\"(max-width: 205px) 100vw, 205px\" \/><\/h2>\n<\/div>\n<p style=\"text-align: center;\">Zeltingen, Juli 2015<\/p>\n<p style=\"text-align: center;\">&#8212;&#8212;&#8212;&#8212;&#8212;&#8212;&#8212;&#8212;&#8212;&#8212;&#8212;&#8212;&#8212;&#8212;&#8212;&#8212;&#8212;&#8212;&#8212;&#8212;&#8212;&#8212;&#8212;&#8212;&#8212;&#8212;&#8212;&#8212;&#8211;<\/p>\n<div id=\"id_567a975f71c278b27850018\" class=\"text_exposed_root text_exposed\">\n<h2 style=\"text-align: center;\"><em><strong><span style=\"color: #333399;\">Wir gratulieren unserer Tochter Charlotte zur bestandenen Gesellenpr\u00fcfung als Elektronikerin f\u00fcr Energie- und Geb\u00e4udetechnik !!!<\/span><\/strong><\/em><\/h2>\n<p><img loading=\"lazy\" decoding=\"async\" class=\"size-medium wp-image-274 aligncenter\" src=\"https:\/\/elektro-abz.de\/wp-content\/uploads\/2015\/11\/Top-2-182x300.jpg\" alt=\"Top 2\" width=\"182\" height=\"300\" srcset=\"https:\/\/elektro-abz.de\/wp-content\/uploads\/2015\/11\/Top-2-182x300.jpg 182w, https:\/\/elektro-abz.de\/wp-content\/uploads\/2015\/11\/Top-2-768x1268.jpg 768w, https:\/\/elektro-abz.de\/wp-content\/uploads\/2015\/11\/Top-2-620x1024.jpg 620w, https:\/\/elektro-abz.de\/wp-content\/uploads\/2015\/11\/Top-2-668x1103.jpg 668w, https:\/\/elektro-abz.de\/wp-content\/uploads\/2015\/11\/Top-2.jpg 1196w\" sizes=\"(max-width: 182px) 100vw, 182px\" \/><\/p>\n<\/div>\n<div id=\"id_567a975f71c278b27850018\" class=\"text_exposed_root text_exposed\">\n<p style=\"text-align: center;\"><span style=\"color: #ff0000;\"><em><a href=\"http:\/\/www.volksfreund.de\/nachrichten\/region\/wittlich\/aktuell\/Heute-in-der-Wittlicher-Zeitung-57-Gesellen-starten-ins-Berufsleben;art8137,4453237\">http:\/\/www.volksfreund.de\/nachrichten\/region\/wittlich\/aktuell\/Heute-in-der-Wittlicher-Zeitung-57-Gesellen-starten-ins-Berufsleben;art8137,4453237<\/a><\/em><\/span><\/p>\n<p style=\"text-align: center;\">\u00a0\u00a0\u00a0\u00a0\u00a0\u00a0\u00a0\u00a0\u00a0\u00a0\u00a0\u00a0\u00a0 Zeltingen, Januar 2015<\/p>\n<div class=\"text_exposed_show\">\n<p><a href=\"https:\/\/elektro-abz.de\/wp-content\/uploads\/2015\/11\/decoration-314825_960_720.jpg\">\u00a0<\/a><\/p>\n<\/div>\n<\/div>\n","protected":false},"excerpt":{"rendered":"<p>Wir gratulieren unser Tochter Lena zur erfolgreich bestandenen\u00a0Pr\u00fcfung als Veranstaltungskauffrau und danken der Firma Pro Musik Trier f\u00fcr die super gelungene Ausbildung!! Zeltingen, Juli 2015 &#8212;&#8212;&#8212;&#8212;&#8212;&#8212;&#8212;&#8212;&#8212;&#8212;&#8212;&#8212;&#8212;&#8212;&#8212;&#8212;&#8212;&#8212;&#8212;&#8212;&#8212;&#8212;&#8212;&#8212;&#8212;&#8212;&#8212;&#8212;&#8211; Wir gratulieren unserer Tochter Charlotte zur bestandenen Gesellenpr\u00fcfung als Elektronikerin f\u00fcr Energie- und Geb\u00e4udetechnik !!! http:\/\/www.volksfreund.de\/nachrichten\/region\/wittlich\/aktuell\/Heute-in-der-Wittlicher-Zeitung-57-Gesellen-starten-ins-Berufsleben;art8137,4453237 \u00a0\u00a0\u00a0\u00a0\u00a0\u00a0\u00a0\u00a0\u00a0\u00a0\u00a0\u00a0\u00a0 Zeltingen, Januar 2015 \u00a0<\/p>\n","protected":false},"author":1,"featured_media":0,"parent":0,"menu_order":0,"comment_status":"closed","ping_status":"closed","template":"","meta":{"footnotes":""},"_links":{"self":[{"href":"https:\/\/elektro-abz.de\/index.php?rest_route=\/wp\/v2\/pages\/75"}],"collection":[{"href":"https:\/\/elektro-abz.de\/index.php?rest_route=\/wp\/v2\/pages"}],"about":[{"href":"https:\/\/elektro-abz.de\/index.php?rest_route=\/wp\/v2\/types\/page"}],"author":[{"embeddable":true,"href":"https:\/\/elektro-abz.de\/index.php?rest_route=\/wp\/v2\/users\/1"}],"replies":[{"embeddable":true,"href":"https:\/\/elektro-abz.de\/index.php?rest_route=%2Fwp%2Fv2%2Fcomments&post=75"}],"version-history":[{"count":13,"href":"https:\/\/elektro-abz.de\/index.php?rest_route=\/wp\/v2\/pages\/75\/revisions"}],"predecessor-version":[{"id":343,"href":"https:\/\/elektro-abz.de\/index.php?rest_route=\/wp\/v2\/pages\/75\/revisions\/343"}],"wp:attachment":[{"href":"https:\/\/elektro-abz.de\/index.php?rest_route=%2Fwp%2Fv2%2Fmedia&parent=75"}],"curies":[{"name":"wp","href":"https:\/\/api.w.org\/{rel}","templated":true}]}}